{"id":29,"date":"2015-03-20T07:13:23","date_gmt":"2015-03-20T05:13:23","guid":{"rendered":"http:\/\/www.sanergulsoken.com\/?page_id=29"},"modified":"2021-11-28T12:46:09","modified_gmt":"2021-11-28T09:46:09","slug":"ayirin-develeri","status":"publish","type":"page","link":"https:\/\/www.sanergulsoken.com\/en\/kitap-ve-yazilar\/ayirin-develeri\/","title":{"rendered":"Ay\u0131r\u0131n Develeri"},"content":{"rendered":"\t\t<div data-elementor-type=\"wp-page\" data-elementor-id=\"29\" class=\"elementor elementor-29\">\n\t\t\t\t\t\t\t\t\t<section class=\"elementor-section elementor-top-section elementor-element elementor-element-f5c2650 elementor-section-boxed elementor-section-height-default elementor-section-height-default\" data-id=\"f5c2650\" data-element_type=\"section\">\n\t\t\t\t\t\t<div class=\"elementor-container elementor-column-gap-default\">\n\t\t\t\t\t<div class=\"elementor-column elementor-col-100 elementor-top-column elementor-element elementor-element-fe88b91\" data-id=\"fe88b91\" data-element_type=\"column\">\n\t\t\t<div class=\"elementor-widget-wrap elementor-element-populated\">\n\t\t\t\t\t\t\t\t<div class=\"elementor-element elementor-element-867b901 elementor-widget elementor-widget-testimonial\" data-id=\"867b901\" data-element_type=\"widget\" data-widget_type=\"testimonial.default\">\n\t\t\t\t<div class=\"elementor-widget-container\">\n\t\t\t<style>\/*! elementor - v3.15.0 - 20-08-2023 *\/\n.elementor-testimonial-wrapper{overflow:hidden;text-align:center}.elementor-testimonial-wrapper .elementor-testimonial-content{font-size:1.3em;margin-bottom:20px}.elementor-testimonial-wrapper .elementor-testimonial-name{line-height:1.5;display:block}.elementor-testimonial-wrapper .elementor-testimonial-job{font-size:.85em;display:block}.elementor-testimonial-wrapper .elementor-testimonial-meta{width:100%;line-height:1}.elementor-testimonial-wrapper .elementor-testimonial-meta-inner{display:inline-block}.elementor-testimonial-wrapper .elementor-testimonial-meta .elementor-testimonial-details,.elementor-testimonial-wrapper .elementor-testimonial-meta .elementor-testimonial-image{display:table-cell;vertical-align:middle}.elementor-testimonial-wrapper .elementor-testimonial-meta .elementor-testimonial-image img{width:60px;height:60px;border-radius:50%;-o-object-fit:cover;object-fit:cover;max-width:none}.elementor-testimonial-wrapper .elementor-testimonial-meta.elementor-testimonial-image-position-aside .elementor-testimonial-image{padding-right:15px}.elementor-testimonial-wrapper .elementor-testimonial-meta.elementor-testimonial-image-position-aside .elementor-testimonial-details{text-align:left}.elementor-testimonial-wrapper .elementor-testimonial-meta.elementor-testimonial-image-position-top .elementor-testimonial-details,.elementor-testimonial-wrapper .elementor-testimonial-meta.elementor-testimonial-image-position-top .elementor-testimonial-image{display:block}.elementor-testimonial-wrapper .elementor-testimonial-meta.elementor-testimonial-image-position-top .elementor-testimonial-image{margin-bottom:20px}<\/style>\t\t<div class=\"elementor-testimonial-wrapper\">\n\t\t\t\t\t\t\t<div class=\"elementor-testimonial-content\">Deveciler; \u201cDevenin g\u00f6z\u00fcne bak\u0131nca m\u0131knat\u0131s gibi \u00e7eker insan\u0131\u201d derler, \u00f6nce develer \u00e7ekti beni sonra deve g\u00fcre\u015flerinin tarihi ve kaybolmaya y\u00fcz tutmu\u015f k\u00fclt\u00fcr\u00fc.<\/div>\n\t\t\t\n\t\t\t\t\t<\/div>\n\t\t\t\t<\/div>\n\t\t\t\t<\/div>\n\t\t\t\t\t<\/div>\n\t\t<\/div>\n\t\t\t\t\t\t\t<\/div>\n\t\t<\/section>\n\t\t\t\t<section class=\"elementor-section elementor-top-section elementor-element elementor-element-9914f07 elementor-section-boxed elementor-section-height-default elementor-section-height-default\" data-id=\"9914f07\" data-element_type=\"section\">\n\t\t\t\t\t\t<div class=\"elementor-container elementor-column-gap-default\">\n\t\t\t\t\t<div class=\"elementor-column elementor-col-100 elementor-top-column elementor-element elementor-element-3e2df05\" data-id=\"3e2df05\" data-element_type=\"column\">\n\t\t\t<div class=\"elementor-widget-wrap elementor-element-populated\">\n\t\t\t\t\t\t\t\t<div class=\"elementor-element elementor-element-eaa5826 ekit-equal-height-disable elementor-widget elementor-widget-elementskit-image-box\" data-id=\"eaa5826\" data-element_type=\"widget\" data-settings=\"{&quot;_animation&quot;:&quot;none&quot;}\" data-widget_type=\"elementskit-image-box.default\">\n\t\t\t\t<div class=\"elementor-widget-container\">\n\t\t\t<div class=\"ekit-wid-con\" >\n            <div class=\"elementskit-info-image-box ekit-image-box text-center simple-card\" >\n\n                \n                <div class=\"elementskit-box-header image-box-img-center\">\n\n                    <img decoding=\"async\" loading=\"lazy\" width=\"768\" height=\"859\" src=\"https:\/\/www.sanergulsoken.com\/wp-content\/uploads\/2021\/11\/photo_2021-11-23_08-59-15-768x859.jpg\" class=\"attachment-medium_large size-medium_large wp-image-1627\" alt=\"\" srcset=\"https:\/\/www.sanergulsoken.com\/wp-content\/uploads\/2021\/11\/photo_2021-11-23_08-59-15-768x859.jpg 768w, https:\/\/www.sanergulsoken.com\/wp-content\/uploads\/2021\/11\/photo_2021-11-23_08-59-15-620x694.jpg 620w, https:\/\/www.sanergulsoken.com\/wp-content\/uploads\/2021\/11\/photo_2021-11-23_08-59-15-447x500.jpg 447w, https:\/\/www.sanergulsoken.com\/wp-content\/uploads\/2021\/11\/photo_2021-11-23_08-59-15-134x150.jpg 134w, https:\/\/www.sanergulsoken.com\/wp-content\/uploads\/2021\/11\/photo_2021-11-23_08-59-15.jpg 1144w\" sizes=\"100vw\" \/>\n                <\/div>\n                \n                <div class=\"elementskit-box-body ekit-image-box-body\">\n                    <div class=\"elementskit-box-content ekit-image-box-body-inner\">\n                                                <h3 class=\"elementskit-info-box-title\">\n\n                        Ay\u0131r\u0131n Develeri\n                        \n                    <\/h3>\n                                                            <div class=\"elementskit-box-style-content\">\n                        \"Bat\u0131 resim tarihinde bir deve tak\u0131nt\u0131s\u0131 vard\u0131r. Ama bu tarihte deve hep bizim co\u011frafyay\u0131 ilgilendiren resimlerde ortaya \u00e7\u0131kar: Filistin\u2019de, \u0130ncil sahnelerinde, Venedik\u2019te T\u00fcrk t\u00fcccar tasvirlerinde (ki Venedik\u2019teki ilk el\u00e7ilik binas\u0131n\u0131n ad\u0131 Palazzo dei Cammelli\u2019dir!). Ama ya hakiki deve? \u00c7ok az ressam g\u00f6rm\u00fc\u015ft\u00fcr onu. \u00c7ok az insan da \u2018\u2019hakiki deve\u2019\u2019yi merak etmi\u015ftir. Saner G\u00fcls\u00f6ken bu kitab\u0131nda, neredeyse Bali\u2019deki horoz d\u00f6v\u00fc\u015f\u00fc \u00fczerine yazan antropolog Clifford Geertz edas\u0131yla, bu \u2018\u2019k\u00fclt\u00fcrel olgu\u2019\u2019yu anlamaya ve belgelemeye kalkm\u0131\u015f. Alt\u0131ndan da ba\u015far\u0131yla kalkm\u0131\u015f. Art\u0131k deve ve g\u00fcre\u015f denince bu kitap zikredilecek. O kadar...\"   \n\nProfes\u00f6r Doktor Levent Y\u0131lmaz                    <\/div>\n                                    <\/div>\n\n                                <div class=\"elementskit-box-footer\">\n                    <div class=\"box-footer\">\n                        <div class=\"btn-wraper\">\n                                                            <a href=\"https:\/\/www.zerobooksonline.com\/tr\/product\/url\/ayirin-develeri_11_35640\" target=\"_blank\" class=\"elementskit-btn whitespace--normal\">\n                                    \n                                    <i aria-hidden=\"true\" class=\"icon icon-open-book\"><\/i>\n                                    Sat\u0131n Almak \u0130\u00e7in T\u0131klay\u0131n                                <\/a>\n                                                        <\/div>\n                    <\/div>\n                <\/div>\n                            <\/div>\n            <\/div>\n    <\/div>\t\t<\/div>\n\t\t\t\t<\/div>\n\t\t\t\t\t<\/div>\n\t\t<\/div>\n\t\t\t\t\t\t\t<\/div>\n\t\t<\/section>\n\t\t\t\t<section class=\"elementor-section elementor-top-section elementor-element elementor-element-5e66585 elementor-section-boxed elementor-section-height-default elementor-section-height-default\" data-id=\"5e66585\" data-element_type=\"section\">\n\t\t\t\t\t\t<div class=\"elementor-container elementor-column-gap-default\">\n\t\t\t\t\t<div class=\"elementor-column elementor-col-100 elementor-top-column elementor-element elementor-element-7265727\" data-id=\"7265727\" data-element_type=\"column\">\n\t\t\t<div class=\"elementor-widget-wrap elementor-element-populated\">\n\t\t\t\t\t\t\t\t<div class=\"elementor-element elementor-element-ff313c9 elementor-arrows-position-inside elementor-pagination-position-outside elementor-widget elementor-widget-image-carousel\" data-id=\"ff313c9\" data-element_type=\"widget\" data-settings=\"{&quot;slides_to_show&quot;:&quot;1&quot;,&quot;navigation&quot;:&quot;both&quot;,&quot;autoplay&quot;:&quot;yes&quot;,&quot;pause_on_hover&quot;:&quot;yes&quot;,&quot;pause_on_interaction&quot;:&quot;yes&quot;,&quot;autoplay_speed&quot;:5000,&quot;infinite&quot;:&quot;yes&quot;,&quot;effect&quot;:&quot;slide&quot;,&quot;speed&quot;:500}\" data-widget_type=\"image-carousel.default\">\n\t\t\t\t<div class=\"elementor-widget-container\">\n\t\t\t<style>\/*! elementor - v3.15.0 - 20-08-2023 *\/\n.elementor-widget-image-carousel .swiper,.elementor-widget-image-carousel .swiper-container{position:static}.elementor-widget-image-carousel .swiper-container .swiper-slide figure,.elementor-widget-image-carousel .swiper .swiper-slide figure{line-height:inherit}.elementor-widget-image-carousel .swiper-slide{text-align:center}.elementor-image-carousel-wrapper:not(.swiper-container-initialized):not(.swiper-initialized) .swiper-slide{max-width:calc(100% \/ var(--e-image-carousel-slides-to-show, 3))}<\/style>\t\t<div class=\"elementor-image-carousel-wrapper swiper-container\" dir=\"ltr\">\n\t\t\t<div class=\"elementor-image-carousel swiper-wrapper\" aria-live=\"off\">\n\t\t\t\t\t\t\t\t<div class=\"swiper-slide\" role=\"group\" aria-roledescription=\"slide\" aria-label=\"1 of 11\"><figure class=\"swiper-slide-inner\"><img decoding=\"async\" class=\"swiper-slide-image\" src=\"https:\/\/www.sanergulsoken.com\/wp-content\/uploads\/2021\/11\/ayirin_004-1-748x500.jpg\" alt=\"ayirin_develeri\" \/><\/figure><\/div><div class=\"swiper-slide\" role=\"group\" aria-roledescription=\"slide\" aria-label=\"2 of 11\"><figure class=\"swiper-slide-inner\"><img decoding=\"async\" class=\"swiper-slide-image\" src=\"https:\/\/www.sanergulsoken.com\/wp-content\/uploads\/2021\/11\/ayirin_015-748x500.jpg\" alt=\"ayirin_015\" \/><\/figure><\/div><div class=\"swiper-slide\" role=\"group\" aria-roledescription=\"slide\" aria-label=\"3 of 11\"><figure class=\"swiper-slide-inner\"><img decoding=\"async\" class=\"swiper-slide-image\" src=\"https:\/\/www.sanergulsoken.com\/wp-content\/uploads\/2021\/11\/ayirin_036-750x500.jpg\" alt=\"ayirin_036\" \/><\/figure><\/div><div class=\"swiper-slide\" role=\"group\" aria-roledescription=\"slide\" aria-label=\"4 of 11\"><figure class=\"swiper-slide-inner\"><img decoding=\"async\" class=\"swiper-slide-image\" src=\"https:\/\/www.sanergulsoken.com\/wp-content\/uploads\/2021\/11\/ayirin_037-750x500.jpg\" alt=\"ayirin_037\" \/><\/figure><\/div><div class=\"swiper-slide\" role=\"group\" aria-roledescription=\"slide\" aria-label=\"5 of 11\"><figure class=\"swiper-slide-inner\"><img decoding=\"async\" class=\"swiper-slide-image\" src=\"https:\/\/www.sanergulsoken.com\/wp-content\/uploads\/2021\/11\/ayirin_banner-1-749x500.jpg\" alt=\"ayirin_banner\" \/><\/figure><\/div><div class=\"swiper-slide\" role=\"group\" aria-roledescription=\"slide\" aria-label=\"6 of 11\"><figure class=\"swiper-slide-inner\"><img decoding=\"async\" class=\"swiper-slide-image\" src=\"https:\/\/www.sanergulsoken.com\/wp-content\/uploads\/2021\/11\/ayirin_002-750x500.jpg\" alt=\"ayirin_002\" \/><\/figure><\/div><div class=\"swiper-slide\" role=\"group\" aria-roledescription=\"slide\" aria-label=\"7 of 11\"><figure class=\"swiper-slide-inner\"><img decoding=\"async\" class=\"swiper-slide-image\" src=\"https:\/\/www.sanergulsoken.com\/wp-content\/uploads\/2021\/11\/ayirin_003-333x500.jpg\" alt=\"ayirin_003\" \/><\/figure><\/div><div class=\"swiper-slide\" role=\"group\" aria-roledescription=\"slide\" aria-label=\"8 of 11\"><figure class=\"swiper-slide-inner\"><img decoding=\"async\" class=\"swiper-slide-image\" src=\"https:\/\/www.sanergulsoken.com\/wp-content\/uploads\/2021\/11\/ayirin_006-748x500.jpg\" alt=\"ayirin_006\" \/><\/figure><\/div><div class=\"swiper-slide\" role=\"group\" aria-roledescription=\"slide\" aria-label=\"9 of 11\"><figure class=\"swiper-slide-inner\"><img decoding=\"async\" class=\"swiper-slide-image\" src=\"https:\/\/www.sanergulsoken.com\/wp-content\/uploads\/2021\/11\/ayirin_007-748x500.jpg\" alt=\"ayirin_007\" \/><\/figure><\/div><div class=\"swiper-slide\" role=\"group\" aria-roledescription=\"slide\" aria-label=\"10 of 11\"><figure class=\"swiper-slide-inner\"><img decoding=\"async\" class=\"swiper-slide-image\" src=\"https:\/\/www.sanergulsoken.com\/wp-content\/uploads\/2021\/11\/ayirin_018-333x500.jpg\" alt=\"ayirin_018\" \/><\/figure><\/div><div class=\"swiper-slide\" role=\"group\" aria-roledescription=\"slide\" aria-label=\"11 of 11\"><figure class=\"swiper-slide-inner\"><img decoding=\"async\" class=\"swiper-slide-image\" src=\"https:\/\/www.sanergulsoken.com\/wp-content\/uploads\/2021\/11\/ayirin_021-333x500.jpg\" alt=\"ayirin_021\" \/><\/figure><\/div>\t\t\t<\/div>\n\t\t\t\t\t\t\t\t\t\t\t\t<div class=\"elementor-swiper-button elementor-swiper-button-prev\" role=\"button\" tabindex=\"0\">\n\t\t\t\t\t\t<i aria-hidden=\"true\" class=\"eicon-chevron-left\"><\/i>\t\t\t\t\t<\/div>\n\t\t\t\t\t<div class=\"elementor-swiper-button elementor-swiper-button-next\" role=\"button\" tabindex=\"0\">\n\t\t\t\t\t\t<i aria-hidden=\"true\" class=\"eicon-chevron-right\"><\/i>\t\t\t\t\t<\/div>\n\t\t\t\t\n\t\t\t\t\t\t\t\t\t<div class=\"swiper-pagination\"><\/div>\n\t\t\t\t\t\t\t\t\t<\/div>\n\t\t\t\t<\/div>\n\t\t\t\t<\/div>\n\t\t\t\t\t<\/div>\n\t\t<\/div>\n\t\t\t\t\t\t\t<\/div>\n\t\t<\/section>\n\t\t\t\t<section class=\"elementor-section elementor-top-section elementor-element elementor-element-24f6ee8 elementor-section-boxed elementor-section-height-default elementor-section-height-default\" data-id=\"24f6ee8\" data-element_type=\"section\">\n\t\t\t\t\t\t<div class=\"elementor-container elementor-column-gap-default\">\n\t\t\t\t\t<div class=\"elementor-column elementor-col-100 elementor-top-column elementor-element elementor-element-09e5e21\" data-id=\"09e5e21\" data-element_type=\"column\">\n\t\t\t<div class=\"elementor-widget-wrap elementor-element-populated\">\n\t\t\t\t\t\t\t\t<div class=\"elementor-element elementor-element-20717c6 elementor-align-center elementor-widget elementor-widget-button\" data-id=\"20717c6\" data-element_type=\"widget\" data-widget_type=\"button.default\">\n\t\t\t\t<div class=\"elementor-widget-container\">\n\t\t\t\t\t<div class=\"elementor-button-wrapper\">\n\t\t\t<a class=\"elementor-button elementor-button-link elementor-size-sm\" href=\"https:\/\/www.facebook.com\/AyirinDeveleri\" target=\"_blank\">\n\t\t\t\t\t\t<span class=\"elementor-button-content-wrapper\">\n\t\t\t\t\t\t<span class=\"elementor-button-icon elementor-align-icon-left\">\n\t\t\t\t<i aria-hidden=\"true\" class=\"fab fa-facebook\"><\/i>\t\t\t<\/span>\n\t\t\t\t\t\t<span class=\"elementor-button-text\">Facebook<\/span>\n\t\t<\/span>\n\t\t\t\t\t<\/a>\n\t\t<\/div>\n\t\t\t\t<\/div>\n\t\t\t\t<\/div>\n\t\t\t\t\t<\/div>\n\t\t<\/div>\n\t\t\t\t\t\t\t<\/div>\n\t\t<\/section>\n\t\t\t\t<section class=\"elementor-section elementor-top-section elementor-element elementor-element-6ed690e elementor-section-boxed elementor-section-height-default elementor-section-height-default\" data-id=\"6ed690e\" data-element_type=\"section\">\n\t\t\t\t\t\t<div class=\"elementor-container elementor-column-gap-default\">\n\t\t\t\t\t<div class=\"elementor-column elementor-col-100 elementor-top-column elementor-element elementor-element-a911deb\" data-id=\"a911deb\" data-element_type=\"column\">\n\t\t\t<div class=\"elementor-widget-wrap elementor-element-populated\">\n\t\t\t\t\t\t\t\t<div class=\"elementor-element elementor-element-ad7bd15 elementor-widget elementor-widget-spacer\" data-id=\"ad7bd15\" data-element_type=\"widget\" data-widget_type=\"spacer.default\">\n\t\t\t\t<div class=\"elementor-widget-container\">\n\t\t\t<style>\/*! elementor - v3.15.0 - 20-08-2023 *\/\n.elementor-column .elementor-spacer-inner{height:var(--spacer-size)}.e-con{--container-widget-width:100%}.e-con-inner>.elementor-widget-spacer,.e-con>.elementor-widget-spacer{width:var(--container-widget-width,var(--spacer-size));--align-self:var(--container-widget-align-self,initial);--flex-shrink:0}.e-con-inner>.elementor-widget-spacer>.elementor-widget-container,.e-con-inner>.elementor-widget-spacer>.elementor-widget-container>.elementor-spacer,.e-con>.elementor-widget-spacer>.elementor-widget-container,.e-con>.elementor-widget-spacer>.elementor-widget-container>.elementor-spacer{height:100%}.e-con-inner>.elementor-widget-spacer>.elementor-widget-container>.elementor-spacer>.elementor-spacer-inner,.e-con>.elementor-widget-spacer>.elementor-widget-container>.elementor-spacer>.elementor-spacer-inner{height:var(--container-widget-height,var(--spacer-size))}<\/style>\t\t<div class=\"elementor-spacer\">\n\t\t\t<div class=\"elementor-spacer-inner\"><\/div>\n\t\t<\/div>\n\t\t\t\t<\/div>\n\t\t\t\t<\/div>\n\t\t\t\t\t<\/div>\n\t\t<\/div>\n\t\t\t\t\t\t\t<\/div>\n\t\t<\/section>\n\t\t\t\t\t\t\t<\/div>\n\t\t","protected":false},"excerpt":{"rendered":"<p>Deveciler; \u201cDevenin g\u00f6z\u00fcne bak\u0131nca m\u0131knat\u0131s gibi \u00e7eker insan\u0131\u201d derler, \u00f6nce develer \u00e7ekti beni sonra deve g\u00fcre\u015flerinin tarihi ve kaybolmaya y\u00fcz tutmu\u015f k\u00fclt\u00fcr\u00fc. Ay\u0131r\u0131n Develeri &#8220;Bat\u0131 resim tarihinde bir deve tak\u0131nt\u0131s\u0131 vard\u0131r. Ama bu tarihte deve hep bizim co\u011frafyay\u0131 ilgilendiren resimlerde ortaya \u00e7\u0131kar: Filistin\u2019de, \u0130ncil sahnelerinde, Venedik\u2019te T\u00fcrk t\u00fcccar tasvirlerinde (ki Venedik\u2019teki ilk el\u00e7ilik binas\u0131n\u0131n ad\u0131 &hellip; <\/p>\n<p class=\"link-more\"><a href=\"https:\/\/www.sanergulsoken.com\/en\/kitap-ve-yazilar\/ayirin-develeri\/\" class=\"more-link\">Read more<span class=\"screen-reader-text\"> &#8220;Ay\u0131r\u0131n Develeri&#8221;<\/span><\/a><\/p>\n","protected":false},"author":1,"featured_media":1565,"parent":7,"menu_order":0,"comment_status":"open","ping_status":"open","template":"","meta":{"footnotes":""},"_links":{"self":[{"href":"https:\/\/www.sanergulsoken.com\/en\/wp-json\/wp\/v2\/pages\/29"}],"collection":[{"href":"https:\/\/www.sanergulsoken.com\/en\/wp-json\/wp\/v2\/pages"}],"about":[{"href":"https:\/\/www.sanergulsoken.com\/en\/wp-json\/wp\/v2\/types\/page"}],"author":[{"embeddable":true,"href":"https:\/\/www.sanergulsoken.com\/en\/wp-json\/wp\/v2\/users\/1"}],"replies":[{"embeddable":true,"href":"https:\/\/www.sanergulsoken.com\/en\/wp-json\/wp\/v2\/comments?post=29"}],"version-history":[{"count":0,"href":"https:\/\/www.sanergulsoken.com\/en\/wp-json\/wp\/v2\/pages\/29\/revisions"}],"up":[{"embeddable":true,"href":"https:\/\/www.sanergulsoken.com\/en\/wp-json\/wp\/v2\/pages\/7"}],"wp:featuredmedia":[{"embeddable":true,"href":"https:\/\/www.sanergulsoken.com\/en\/wp-json\/wp\/v2\/media\/1565"}],"wp:attachment":[{"href":"https:\/\/www.sanergulsoken.com\/en\/wp-json\/wp\/v2\/media?parent=29"}],"curies":[{"name":"wp","href":"https:\/\/api.w.org\/{rel}","templated":true}]}}