{"id":372,"date":"2017-05-23T09:28:15","date_gmt":"2017-05-23T06:28:15","guid":{"rendered":"http:\/\/www.sanergulsoken.com\/?page_id=372"},"modified":"2021-11-28T10:34:45","modified_gmt":"2021-11-28T07:34:45","slug":"geri-donusum","status":"publish","type":"page","link":"https:\/\/www.sanergulsoken.com\/en\/projeler\/geri-donusum\/","title":{"rendered":"Geri D\u00f6n\u00fc\u015f\u00fcm"},"content":{"rendered":"\t\t<div data-elementor-type=\"wp-page\" data-elementor-id=\"372\" class=\"elementor elementor-372\">\n\t\t\t\t\t\t\t\t\t<section class=\"elementor-section elementor-top-section elementor-element elementor-element-dabb879 elementor-section-boxed elementor-section-height-default elementor-section-height-default\" data-id=\"dabb879\" data-element_type=\"section\">\n\t\t\t\t\t\t<div class=\"elementor-container elementor-column-gap-default\">\n\t\t\t\t\t<div class=\"elementor-column elementor-col-100 elementor-top-column elementor-element elementor-element-95684ab\" data-id=\"95684ab\" data-element_type=\"column\">\n\t\t\t<div class=\"elementor-widget-wrap elementor-element-populated\">\n\t\t\t\t\t\t\t\t<div class=\"elementor-element elementor-element-29f4d32 elementor-widget elementor-widget-video\" data-id=\"29f4d32\" data-element_type=\"widget\" data-settings=\"{&quot;youtube_url&quot;:&quot;https:\\\/\\\/www.youtube.com\\\/watch?v=hPlbMJF4mlQ&quot;,&quot;video_type&quot;:&quot;youtube&quot;,&quot;controls&quot;:&quot;yes&quot;}\" data-widget_type=\"video.default\">\n\t\t\t\t<div class=\"elementor-widget-container\">\n\t\t\t<style>\/*! elementor - v3.15.0 - 20-08-2023 *\/\n.elementor-widget-video .elementor-widget-container{overflow:hidden;transform:translateZ(0)}.elementor-widget-video .elementor-wrapper{aspect-ratio:var(--video-aspect-ratio)}.elementor-widget-video .elementor-wrapper iframe,.elementor-widget-video .elementor-wrapper video{height:100%;width:100%;display:flex;border:none;background-color:#000}@supports not (aspect-ratio:1\/1){.elementor-widget-video .elementor-wrapper{position:relative;overflow:hidden;height:0;padding-bottom:calc(100% \/ var(--video-aspect-ratio))}.elementor-widget-video .elementor-wrapper iframe,.elementor-widget-video .elementor-wrapper video{position:absolute;top:0;right:0;bottom:0;left:0}}.elementor-widget-video .elementor-open-inline .elementor-custom-embed-image-overlay{position:absolute;top:0;right:0;bottom:0;left:0;background-size:cover;background-position:50%}.elementor-widget-video .elementor-custom-embed-image-overlay{cursor:pointer;text-align:center}.elementor-widget-video .elementor-custom-embed-image-overlay:hover .elementor-custom-embed-play i{opacity:1}.elementor-widget-video .elementor-custom-embed-image-overlay img{display:block;width:100%;aspect-ratio:var(--video-aspect-ratio);-o-object-fit:cover;object-fit:cover;-o-object-position:center center;object-position:center center}@supports not (aspect-ratio:1\/1){.elementor-widget-video .elementor-custom-embed-image-overlay{position:relative;overflow:hidden;height:0;padding-bottom:calc(100% \/ var(--video-aspect-ratio))}.elementor-widget-video .elementor-custom-embed-image-overlay img{position:absolute;top:0;right:0;bottom:0;left:0}}.elementor-widget-video .e-hosted-video .elementor-video{-o-object-fit:cover;object-fit:cover}.e-con-inner>.elementor-widget-video,.e-con>.elementor-widget-video{width:var(--container-widget-width);--flex-grow:var(--container-widget-flex-grow)}<\/style>\t\t<div class=\"elementor-wrapper elementor-open-inline\">\n\t\t\t<div class=\"elementor-video\"><\/div>\t\t<\/div>\n\t\t\t\t<\/div>\n\t\t\t\t<\/div>\n\t\t\t\t\t<\/div>\n\t\t<\/div>\n\t\t\t\t\t\t\t<\/div>\n\t\t<\/section>\n\t\t\t\t<section class=\"elementor-section elementor-top-section elementor-element elementor-element-8572899 elementor-section-boxed elementor-section-height-default elementor-section-height-default\" data-id=\"8572899\" data-element_type=\"section\">\n\t\t\t\t\t\t<div class=\"elementor-container elementor-column-gap-default\">\n\t\t\t\t\t<div class=\"elementor-column elementor-col-100 elementor-top-column elementor-element elementor-element-b152712\" data-id=\"b152712\" data-element_type=\"column\">\n\t\t\t<div class=\"elementor-widget-wrap elementor-element-populated\">\n\t\t\t\t\t\t\t\t<div class=\"elementor-element elementor-element-fe0e02d elementor-widget elementor-widget-spacer\" data-id=\"fe0e02d\" data-element_type=\"widget\" data-widget_type=\"spacer.default\">\n\t\t\t\t<div class=\"elementor-widget-container\">\n\t\t\t<style>\/*! elementor - v3.15.0 - 20-08-2023 *\/\n.elementor-column .elementor-spacer-inner{height:var(--spacer-size)}.e-con{--container-widget-width:100%}.e-con-inner>.elementor-widget-spacer,.e-con>.elementor-widget-spacer{width:var(--container-widget-width,var(--spacer-size));--align-self:var(--container-widget-align-self,initial);--flex-shrink:0}.e-con-inner>.elementor-widget-spacer>.elementor-widget-container,.e-con-inner>.elementor-widget-spacer>.elementor-widget-container>.elementor-spacer,.e-con>.elementor-widget-spacer>.elementor-widget-container,.e-con>.elementor-widget-spacer>.elementor-widget-container>.elementor-spacer{height:100%}.e-con-inner>.elementor-widget-spacer>.elementor-widget-container>.elementor-spacer>.elementor-spacer-inner,.e-con>.elementor-widget-spacer>.elementor-widget-container>.elementor-spacer>.elementor-spacer-inner{height:var(--container-widget-height,var(--spacer-size))}<\/style>\t\t<div class=\"elementor-spacer\">\n\t\t\t<div class=\"elementor-spacer-inner\"><\/div>\n\t\t<\/div>\n\t\t\t\t<\/div>\n\t\t\t\t<\/div>\n\t\t\t\t\t<\/div>\n\t\t<\/div>\n\t\t\t\t\t\t\t<\/div>\n\t\t<\/section>\n\t\t\t\t<section class=\"elementor-section elementor-top-section elementor-element elementor-element-1a84870f elementor-section-boxed elementor-section-height-default elementor-section-height-default\" data-id=\"1a84870f\" data-element_type=\"section\">\n\t\t\t\t\t\t<div class=\"elementor-container elementor-column-gap-default\">\n\t\t\t\t\t<div class=\"elementor-column elementor-col-100 elementor-top-column elementor-element elementor-element-9344efe\" data-id=\"9344efe\" data-element_type=\"column\">\n\t\t\t<div class=\"elementor-widget-wrap elementor-element-populated\">\n\t\t\t\t\t\t\t\t<div class=\"elementor-element elementor-element-240b90f0 elementor-widget elementor-widget-text-editor\" data-id=\"240b90f0\" data-element_type=\"widget\" data-widget_type=\"text-editor.default\">\n\t\t\t\t<div class=\"elementor-widget-container\">\n\t\t\t<style>\/*! elementor - v3.15.0 - 20-08-2023 *\/\n.elementor-widget-text-editor.elementor-drop-cap-view-stacked .elementor-drop-cap{background-color:#69727d;color:#fff}.elementor-widget-text-editor.elementor-drop-cap-view-framed .elementor-drop-cap{color:#69727d;border:3px solid;background-color:transparent}.elementor-widget-text-editor:not(.elementor-drop-cap-view-default) .elementor-drop-cap{margin-top:8px}.elementor-widget-text-editor:not(.elementor-drop-cap-view-default) .elementor-drop-cap-letter{width:1em;height:1em}.elementor-widget-text-editor .elementor-drop-cap{float:left;text-align:center;line-height:1;font-size:50px}.elementor-widget-text-editor .elementor-drop-cap-letter{display:inline-block}<\/style>\t\t\t\t<p>Kavramsal sanat\u0131n ele\u015ftirel dilini sonuna kadar kullanmaya gayret eden film, deniz \u00fczerinde y\u00fczen bir klozet sahnesiyle ba\u015flay\u0131p Titanic filminin ak\u0131llarda kalan sahnesini kullanarak toplumdaki l\u00fcks t\u00fcketime g\u00f6nderme yap\u0131yor.<\/p><p>2001 y\u0131l\u0131ndan bu yana sualt\u0131nda seramik sergileri d\u00fczenleyen \u201cDenizi Pi\u015firdik\u201d, 2007 y\u0131l\u0131nda bir ilke daha imza att\u0131; Bat\u0131kta Sergi!<br \/>Denizi Pi\u015firdik, 4. Uluslararas\u0131 Bodrum Film Festivali\u2019ne paralel etkinlik olarak d\u00fczenledi\u011fi sergiyi, resif olu\u015fturmas\u0131 amac\u0131yla ile bat\u0131r\u0131lan SG 115 gemisinde, Geri D\u00f6n\u00fc\u015f\u00fcm-Recycling temas\u0131yla ortaya koydu.<\/p><p>Kavramsal Sanat alan\u0131nda etkinliklerini s\u00fcrd\u00fcrmeyi hedefleyen Denizi Pi\u015firdik, <strong>Geri D\u00f6n\u00fc\u015f\u00fcm \u2013Recycling<\/strong> temal\u0131 bu sergide, g\u00f6revini tamamlay\u0131p ba\u015fka bir i\u015flev \u00fcstlenen SG 115 gemisinden hareketle geri d\u00f6n\u00fc\u015f\u00fcm\u00fcn \u00f6nemine dikkat \u00e7ekmeyi hedeflemi\u015ftir. Bu sergide; d\u00fcnyan\u0131n sorunu olan \u00e7\u00f6p da\u011flar\u0131n\u0131n geri d\u00f6n\u00fc\u015f\u00fcm projeleriyle nas\u0131l kazan\u0131labilece\u011fi konusu g\u00fcndemden d\u00fc\u015fmezken, bunun ciddiyetini kavrayamayan t\u00fcketim toplumuna alayc\u0131 bir g\u00f6nderme yap\u0131lm\u0131\u015ft\u0131r. <strong>Recycling Sergisi<\/strong>, uzun soluklu bir sualt\u0131 sergisi olmaktan \u00e7ok bir senaryo \u00e7er\u00e7evesinde \u00e7ekilecek sualt\u0131 filmiyle 4. Uluslararas\u0131 Bodrum Film Festivali\u2019nde daha geni\u015f kitlelere ula\u015fmak amac\u0131 ile ger\u00e7ekle\u015ftirilmi\u015ftir.<\/p><p>UWAW, UnderWater Art Works b\u00fcnyesinde ki \u201cDenizi Pi\u015firdik\u201d ekibinden; \u0130nci \u0130yiba\u015f, Alp \u00c7a\u011fpar, Bengiz \u00d6zdereli, Nezir \u0130\u00e7g\u00f6ren ve Saner G\u00fcls\u00f6ken\u2019in ortak \u00e7al\u0131\u015fmas\u0131 olan sergi festivalle ayn\u0131 tarihler, 15\u201321 Haziran 2007 aras\u0131nda, sualt\u0131nda kalm\u0131\u015f ve festivalin a\u00e7\u0131l\u0131\u015f\u0131nda g\u00f6sterilen k\u0131sa film, festival boyunca izleyenler ile bulu\u015fmu\u015ftur.<\/p><p>\u00a0<\/p><p>\u00a0<\/p>\t\t\t\t\t\t<\/div>\n\t\t\t\t<\/div>\n\t\t\t\t\t<\/div>\n\t\t<\/div>\n\t\t\t\t\t\t\t<\/div>\n\t\t<\/section>\n\t\t\t\t<section class=\"elementor-section elementor-top-section elementor-element elementor-element-416aff0 elementor-section-boxed elementor-section-height-default elementor-section-height-default\" data-id=\"416aff0\" data-element_type=\"section\">\n\t\t\t\t\t\t<div class=\"elementor-container elementor-column-gap-default\">\n\t\t\t\t\t<div class=\"elementor-column elementor-col-33 elementor-top-column elementor-element elementor-element-69f29cc\" data-id=\"69f29cc\" data-element_type=\"column\">\n\t\t\t<div class=\"elementor-widget-wrap elementor-element-populated\">\n\t\t\t\t\t\t\t\t<div class=\"elementor-element elementor-element-ad2273f elementor-widget elementor-widget-wpzoom-elementor-addons-testimonial\" data-id=\"ad2273f\" data-element_type=\"widget\" data-widget_type=\"wpzoom-elementor-addons-testimonial.default\">\n\t\t\t\t<div class=\"elementor-widget-container\">\n\t\t\t\t\t<div id=\"wpz-testimonial-ad2273f\" class=\"wpz-testimonial-item clearfix  default-style\">\n\n\t\t\t\n\t\t\t\n\t\t\t\t\t\t\t\t\t\t<div class=\"wpz-testimonial-image\">\n\t\t\t\t\t\t\t\t\t<figure><img loading=\"lazy\" width=\"150\" height=\"112\" src=\"https:\/\/www.sanergulsoken.com\/wp-content\/uploads\/2021\/11\/balikekmek8-150x112.jpg\" class=\"attachment-thumbnail size-thumbnail wp-image-2029\" alt=\"\" decoding=\"async\" srcset=\"https:\/\/www.sanergulsoken.com\/wp-content\/uploads\/2021\/11\/balikekmek8-150x112.jpg 150w, https:\/\/www.sanergulsoken.com\/wp-content\/uploads\/2021\/11\/balikekmek8.jpg 550w\" sizes=\"100vw\" \/><\/figure>\n\t\t\t\t\t\t\t<\/div>\n\t\t\t\t\t\t\t<div class=\"wpz-testimonial-content\">\n\t\t\t\t\t<div class=\"wpz-testimonial-text\"><p><a href=\"https:\/\/www.denizhaber.com\/deniz-magazin\/su-altinda-balik-ekmek-satacaklar-h7823.html\" target=\"_blank\" rel=\"noopener\">Su Alt\u0131nda Bal\u0131k - Ekmek Satacaklar<\/a><\/p>\n<\/div><p class=\"wpz-testimonial-user\">Denizhaber.com<\/p>\t\t\t\t<\/div>\n\t\t\t\n\t\t\t\n\t\t\t\n\t\t\t\n\t\t\t\n\t\t\t<span class=\"wpz-testimonial-quote\"><\/span>\n\t\t<\/div>\t\t<\/div>\n\t\t\t\t<\/div>\n\t\t\t\t\t<\/div>\n\t\t<\/div>\n\t\t\t\t<div class=\"elementor-column elementor-col-33 elementor-top-column elementor-element elementor-element-a0f7f40\" data-id=\"a0f7f40\" data-element_type=\"column\">\n\t\t\t<div class=\"elementor-widget-wrap elementor-element-populated\">\n\t\t\t\t\t\t\t\t<div class=\"elementor-element elementor-element-2e84c2a elementor-widget elementor-widget-wpzoom-elementor-addons-testimonial\" data-id=\"2e84c2a\" data-element_type=\"widget\" data-widget_type=\"wpzoom-elementor-addons-testimonial.default\">\n\t\t\t\t<div class=\"elementor-widget-container\">\n\t\t\t\t\t<div id=\"wpz-testimonial-2e84c2a\" class=\"wpz-testimonial-item clearfix  default-style\">\n\n\t\t\t\n\t\t\t\n\t\t\t\t\t\t\t\t\t\t<div class=\"wpz-testimonial-image\">\n\t\t\t\t\t\t\t\t\t<figure><img loading=\"lazy\" width=\"105\" height=\"150\" src=\"https:\/\/www.sanergulsoken.com\/wp-content\/uploads\/2021\/11\/19558819.jpg-r_654_368-f_jpg-q_x-xxyxx-105x150.jpg\" class=\"attachment-thumbnail size-thumbnail wp-image-2030\" alt=\"\" decoding=\"async\" srcset=\"https:\/\/www.sanergulsoken.com\/wp-content\/uploads\/2021\/11\/19558819.jpg-r_654_368-f_jpg-q_x-xxyxx-105x150.jpg 105w, https:\/\/www.sanergulsoken.com\/wp-content\/uploads\/2021\/11\/19558819.jpg-r_654_368-f_jpg-q_x-xxyxx.jpg 200w\" sizes=\"100vw\" \/><\/figure>\n\t\t\t\t\t\t\t<\/div>\n\t\t\t\t\t\t\t<div class=\"wpz-testimonial-content\">\n\t\t\t\t\t<div class=\"wpz-testimonial-text\"><p><a href=\"https:\/\/www.beyazperde.com\/haberler\/filmler\/haberler-9182\/\" target=\"_blank\" rel=\"noopener\">Denizi Pi\u015firdik imzal\u0131 bir Geri D\u00f6n\u00fc\u015f\u00fcm sergisi!<\/a><\/p>\n<\/div><p class=\"wpz-testimonial-user\">Beyazperde.com<\/p>\t\t\t\t<\/div>\n\t\t\t\n\t\t\t\n\t\t\t\n\t\t\t\n\t\t\t\n\t\t\t<span class=\"wpz-testimonial-quote\"><\/span>\n\t\t<\/div>\t\t<\/div>\n\t\t\t\t<\/div>\n\t\t\t\t\t<\/div>\n\t\t<\/div>\n\t\t\t\t<div class=\"elementor-column elementor-col-33 elementor-top-column elementor-element elementor-element-5b7293b\" data-id=\"5b7293b\" data-element_type=\"column\">\n\t\t\t<div class=\"elementor-widget-wrap elementor-element-populated\">\n\t\t\t\t\t\t\t\t<div class=\"elementor-element elementor-element-8339338 elementor-widget elementor-widget-wpzoom-elementor-addons-testimonial\" data-id=\"8339338\" data-element_type=\"widget\" data-widget_type=\"wpzoom-elementor-addons-testimonial.default\">\n\t\t\t\t<div class=\"elementor-widget-container\">\n\t\t\t\t\t<div id=\"wpz-testimonial-8339338\" class=\"wpz-testimonial-item clearfix  default-style\">\n\n\t\t\t\n\t\t\t\n\t\t\t\t\t\t\t\t\t\t<div class=\"wpz-testimonial-image\">\n\t\t\t\t\t\t\t\t\t<figure><img loading=\"lazy\" width=\"150\" height=\"112\" src=\"https:\/\/www.sanergulsoken.com\/wp-content\/uploads\/2021\/11\/balikekmek2-150x112.jpg\" class=\"attachment-thumbnail size-thumbnail wp-image-2031\" alt=\"\" decoding=\"async\" srcset=\"https:\/\/www.sanergulsoken.com\/wp-content\/uploads\/2021\/11\/balikekmek2-150x112.jpg 150w, https:\/\/www.sanergulsoken.com\/wp-content\/uploads\/2021\/11\/balikekmek2.jpg 550w\" sizes=\"100vw\" \/><\/figure>\n\t\t\t\t\t\t\t<\/div>\n\t\t\t\t\t\t\t<div class=\"wpz-testimonial-content\">\n\t\t\t\t\t<div class=\"wpz-testimonial-text\"><p><a href=\"https:\/\/m.bianet.org\/bianet\/print\/97649-denizi-pisirdik-batikta-sergi-acti\" target=\"_blank\" rel=\"noopener\">Denizi Pi\u015firdik Bat\u0131kta Sergi A\u00e7t\u0131<\/a><\/p>\n<\/div><p class=\"wpz-testimonial-user\">Bianet.org<\/p>\t\t\t\t<\/div>\n\t\t\t\n\t\t\t\n\t\t\t\n\t\t\t\n\t\t\t\n\t\t\t<span class=\"wpz-testimonial-quote\"><\/span>\n\t\t<\/div>\t\t<\/div>\n\t\t\t\t<\/div>\n\t\t\t\t\t<\/div>\n\t\t<\/div>\n\t\t\t\t\t\t\t<\/div>\n\t\t<\/section>\n\t\t\t\t<section class=\"elementor-section elementor-top-section elementor-element elementor-element-af07cfa elementor-section-boxed elementor-section-height-default elementor-section-height-default\" data-id=\"af07cfa\" data-element_type=\"section\">\n\t\t\t\t\t\t<div class=\"elementor-container elementor-column-gap-default\">\n\t\t\t\t\t<div class=\"elementor-column elementor-col-100 elementor-top-column elementor-element elementor-element-1937bf9\" data-id=\"1937bf9\" data-element_type=\"column\">\n\t\t\t<div class=\"elementor-widget-wrap elementor-element-populated\">\n\t\t\t\t\t\t\t\t<div class=\"elementor-element elementor-element-98d1f60 elementor-widget elementor-widget-spacer\" data-id=\"98d1f60\" data-element_type=\"widget\" data-widget_type=\"spacer.default\">\n\t\t\t\t<div class=\"elementor-widget-container\">\n\t\t\t\t\t<div class=\"elementor-spacer\">\n\t\t\t<div class=\"elementor-spacer-inner\"><\/div>\n\t\t<\/div>\n\t\t\t\t<\/div>\n\t\t\t\t<\/div>\n\t\t\t\t\t<\/div>\n\t\t<\/div>\n\t\t\t\t\t\t\t<\/div>\n\t\t<\/section>\n\t\t\t\t\t\t\t<\/div>\n\t\t","protected":false},"excerpt":{"rendered":"<p>Kavramsal sanat\u0131n ele\u015ftirel dilini sonuna kadar kullanmaya gayret eden film, deniz \u00fczerinde y\u00fczen bir klozet sahnesiyle ba\u015flay\u0131p Titanic filminin ak\u0131llarda kalan sahnesini kullanarak toplumdaki l\u00fcks t\u00fcketime g\u00f6nderme yap\u0131yor. 2001 y\u0131l\u0131ndan bu yana sualt\u0131nda seramik sergileri d\u00fczenleyen \u201cDenizi Pi\u015firdik\u201d, 2007 y\u0131l\u0131nda bir ilke daha imza att\u0131; Bat\u0131kta Sergi!Denizi Pi\u015firdik, 4. Uluslararas\u0131 Bodrum Film Festivali\u2019ne paralel etkinlik &hellip; <\/p>\n<p class=\"link-more\"><a href=\"https:\/\/www.sanergulsoken.com\/en\/projeler\/geri-donusum\/\" class=\"more-link\">Read more<span class=\"screen-reader-text\"> &#8220;Geri D\u00f6n\u00fc\u015f\u00fcm&#8221;<\/span><\/a><\/p>\n","protected":false},"author":1,"featured_media":1905,"parent":9,"menu_order":1,"comment_status":"closed","ping_status":"closed","template":"","meta":{"footnotes":""},"_links":{"self":[{"href":"https:\/\/www.sanergulsoken.com\/en\/wp-json\/wp\/v2\/pages\/372"}],"collection":[{"href":"https:\/\/www.sanergulsoken.com\/en\/wp-json\/wp\/v2\/pages"}],"about":[{"href":"https:\/\/www.sanergulsoken.com\/en\/wp-json\/wp\/v2\/types\/page"}],"author":[{"embeddable":true,"href":"https:\/\/www.sanergulsoken.com\/en\/wp-json\/wp\/v2\/users\/1"}],"replies":[{"embeddable":true,"href":"https:\/\/www.sanergulsoken.com\/en\/wp-json\/wp\/v2\/comments?post=372"}],"version-history":[{"count":0,"href":"https:\/\/www.sanergulsoken.com\/en\/wp-json\/wp\/v2\/pages\/372\/revisions"}],"up":[{"embeddable":true,"href":"https:\/\/www.sanergulsoken.com\/en\/wp-json\/wp\/v2\/pages\/9"}],"wp:featuredmedia":[{"embeddable":true,"href":"https:\/\/www.sanergulsoken.com\/en\/wp-json\/wp\/v2\/media\/1905"}],"wp:attachment":[{"href":"https:\/\/www.sanergulsoken.com\/en\/wp-json\/wp\/v2\/media?parent=372"}],"curies":[{"name":"wp","href":"https:\/\/api.w.org\/{rel}","templated":true}]}}