{"id":818,"date":"2021-10-12T11:38:47","date_gmt":"2021-10-12T08:38:47","guid":{"rendered":"https:\/\/www.sanergulsoken.com\/en\/?page_id=818"},"modified":"2022-01-21T10:45:23","modified_gmt":"2022-01-21T07:45:23","slug":"bodrumun-gayiklari","status":"publish","type":"page","link":"https:\/\/www.sanergulsoken.com\/en\/bodrumun-gayiklari\/","title":{"rendered":"Bodrum&#8217;un Gay\u0131klar\u0131"},"content":{"rendered":"\t\t<div data-elementor-type=\"wp-page\" data-elementor-id=\"818\" class=\"elementor elementor-818\">\n\t\t\t\t\t\t\t\t\t<section class=\"elementor-section elementor-top-section elementor-element elementor-element-93197dd elementor-section-boxed elementor-section-height-default elementor-section-height-default\" data-id=\"93197dd\" data-element_type=\"section\">\n\t\t\t\t\t\t<div class=\"elementor-container elementor-column-gap-default\">\n\t\t\t\t\t<div class=\"elementor-column elementor-col-100 elementor-top-column elementor-element elementor-element-0a907f9\" data-id=\"0a907f9\" data-element_type=\"column\">\n\t\t\t<div class=\"elementor-widget-wrap elementor-element-populated\">\n\t\t\t\t\t\t\t\t<div class=\"elementor-element elementor-element-865cdad elementor-widget elementor-widget-testimonial\" data-id=\"865cdad\" data-element_type=\"widget\" data-widget_type=\"testimonial.default\">\n\t\t\t\t<div class=\"elementor-widget-container\">\n\t\t\t<style>\/*! elementor - v3.15.0 - 20-08-2023 *\/\n.elementor-testimonial-wrapper{overflow:hidden;text-align:center}.elementor-testimonial-wrapper .elementor-testimonial-content{font-size:1.3em;margin-bottom:20px}.elementor-testimonial-wrapper .elementor-testimonial-name{line-height:1.5;display:block}.elementor-testimonial-wrapper .elementor-testimonial-job{font-size:.85em;display:block}.elementor-testimonial-wrapper .elementor-testimonial-meta{width:100%;line-height:1}.elementor-testimonial-wrapper .elementor-testimonial-meta-inner{display:inline-block}.elementor-testimonial-wrapper .elementor-testimonial-meta .elementor-testimonial-details,.elementor-testimonial-wrapper .elementor-testimonial-meta .elementor-testimonial-image{display:table-cell;vertical-align:middle}.elementor-testimonial-wrapper .elementor-testimonial-meta .elementor-testimonial-image img{width:60px;height:60px;border-radius:50%;-o-object-fit:cover;object-fit:cover;max-width:none}.elementor-testimonial-wrapper .elementor-testimonial-meta.elementor-testimonial-image-position-aside .elementor-testimonial-image{padding-right:15px}.elementor-testimonial-wrapper .elementor-testimonial-meta.elementor-testimonial-image-position-aside .elementor-testimonial-details{text-align:left}.elementor-testimonial-wrapper .elementor-testimonial-meta.elementor-testimonial-image-position-top .elementor-testimonial-details,.elementor-testimonial-wrapper .elementor-testimonial-meta.elementor-testimonial-image-position-top .elementor-testimonial-image{display:block}.elementor-testimonial-wrapper .elementor-testimonial-meta.elementor-testimonial-image-position-top .elementor-testimonial-image{margin-bottom:20px}<\/style>\t\t<div class=\"elementor-testimonial-wrapper\">\n\t\t\t\t\t\t\t<div class=\"elementor-testimonial-content\">Bodrum'un yerel a\u011fz\u0131nda ufac\u0131k sandaldan koca bir gulete hatta gemiye kadar her deniz arac\u0131na \"gay\u0131k\" denir.<\/div>\n\t\t\t\n\t\t\t\t\t<\/div>\n\t\t\t\t<\/div>\n\t\t\t\t<\/div>\n\t\t\t\t\t<\/div>\n\t\t<\/div>\n\t\t\t\t\t\t\t<\/div>\n\t\t<\/section>\n\t\t\t\t<section class=\"elementor-section elementor-top-section elementor-element elementor-element-b0b6862 elementor-section-boxed elementor-section-height-default elementor-section-height-default\" data-id=\"b0b6862\" data-element_type=\"section\">\n\t\t\t\t\t\t<div class=\"elementor-container elementor-column-gap-default\">\n\t\t\t\t\t<div class=\"elementor-column elementor-col-100 elementor-top-column elementor-element elementor-element-831cfc8\" data-id=\"831cfc8\" data-element_type=\"column\">\n\t\t\t<div class=\"elementor-widget-wrap elementor-element-populated\">\n\t\t\t\t\t\t\t\t<div class=\"elementor-element elementor-element-a344318 ekit-equal-height-disable elementor-widget elementor-widget-elementskit-image-box\" data-id=\"a344318\" data-element_type=\"widget\" data-settings=\"{&quot;_animation&quot;:&quot;none&quot;}\" data-widget_type=\"elementskit-image-box.default\">\n\t\t\t\t<div class=\"elementor-widget-container\">\n\t\t\t<div class=\"ekit-wid-con\" >\n            <div class=\"elementskit-info-image-box ekit-image-box text-center simple-card\" >\n\n                \n                <div class=\"elementskit-box-header image-box-img-center\">\n\n                    <img decoding=\"async\" loading=\"lazy\" width=\"620\" height=\"651\" src=\"https:\/\/www.sanergulsoken.com\/wp-content\/uploads\/2022\/01\/photo_2022-01-21_10-32-00-620x651.jpg\" class=\"attachment-medium size-medium wp-image-2123\" alt=\"\" srcset=\"https:\/\/www.sanergulsoken.com\/wp-content\/uploads\/2022\/01\/photo_2022-01-21_10-32-00-620x651.jpg 620w, https:\/\/www.sanergulsoken.com\/wp-content\/uploads\/2022\/01\/photo_2022-01-21_10-32-00-476x500.jpg 476w, https:\/\/www.sanergulsoken.com\/wp-content\/uploads\/2022\/01\/photo_2022-01-21_10-32-00-143x150.jpg 143w, https:\/\/www.sanergulsoken.com\/wp-content\/uploads\/2022\/01\/photo_2022-01-21_10-32-00-768x806.jpg 768w, https:\/\/www.sanergulsoken.com\/wp-content\/uploads\/2022\/01\/photo_2022-01-21_10-32-00.jpg 1219w\" sizes=\"100vw\" \/>\n                <\/div>\n                \n                <div class=\"elementskit-box-body ekit-image-box-body\">\n                    <div class=\"elementskit-box-content ekit-image-box-body-inner\">\n                                                <h3 class=\"elementskit-info-box-title\">\n\n                        Bodrum'un Gay\u0131klar\u0131\n                        \n                    <\/h3>\n                                                            <div class=\"elementskit-box-style-content\">\n                        Bodrum merkezine geldi\u011finizde sizi liman ve boy boy tekneler\nkar\u015f\u0131lar. Liman\u0131n g\u00fcvenli\u011finde s\u00fcz\u00fclen tekneler, gerek turistler\ngerekse yerliler i\u00e7in seyrine doyulmaz, b\u00fcy\u00fcl\u00fc bir manzara\nsunar. Kimi liman\u0131 m\u00fcze gibi gezer, kimi teknelere uzay arac\u0131\ngibi bakar, kimi ise birinin d\u00fcmenine ge\u00e7ip denize \u00e7\u0131kmay\u0131\nd\u00fc\u015fler.\nTuristlerin bir\u00e7o\u011fu ve yerlilerin bir k\u0131sm\u0131 i\u00e7in onlar gemi, tekne,\nkay\u0131kt\u0131r. Biraz kendinden emin olanlar i\u00e7in o teknelerin genel\nad\u0131 gulettir. Oysa liman \u00e7e\u015fit \u00e7e\u015fit tekneye kucak a\u00e7ar. Onlar\u0131n\naynak\u0131\u00e7, tirhandil, piyade, bodi, \u00e7\u0131rn\u0131k, aynac\u0131 sandal\u0131 gibi adlar\u0131\nvard\u0131r. Merak\u0131n\u0131n pe\u015fine d\u00fc\u015fenler ancak do\u011fru ki\u015filere\nula\u015ft\u0131\u011f\u0131nda arad\u0131\u011f\u0131 bilgilere ula\u015fabilir. Gulet nedir? Tirhandil\nnas\u0131l yelken a\u00e7ar? Bal\u0131k\u00e7\u0131lar niye piyade tercih eder? Aynak\u0131\u00e7\nne kadar denizcidir? Bu sorular\u0131n cevaplar\u0131 ancak eski ve yeni\ntekne ustalar\u0131nda, deniz kurdu kaptanlarda ve konuya ilgi duyan\nbirka\u00e7 Bodrumlu ile Bodrum Deniz M\u00fczesi'nde bulunur.\n\nYerel ve ulusal k\u00fclt\u00fcr\u00fcn bu \u00f6nemli \u00fcretim alan\u0131n\u0131 deniz ve Bodrum sevdal\u0131lar\u0131yla bulu\u015fturan Bodrum\u2019un Gay\u0131klar\u0131, i\u00e7eri\u011fiyle bilinmeyen bir d\u00fcnyan\u0131n kap\u0131s\u0131n\u0131 a\u00e7\u0131yor.                    <\/div>\n                                    <\/div>\n\n                                <div class=\"elementskit-box-footer\">\n                    <div class=\"box-footer\">\n                        <div class=\"btn-wraper\">\n                                                            <a href=\"https:\/\/www.kitaplimani.com\/bodrumun-gayiklari\" target=\"_blank\" class=\"elementskit-btn whitespace--normal\">\n                                    \n                                    <i aria-hidden=\"true\" class=\"icon icon-open-book\"><\/i>\n                                    Sat\u0131n Almak \u0130\u00e7in T\u0131klay\u0131n                                <\/a>\n                                                        <\/div>\n                    <\/div>\n                <\/div>\n                            <\/div>\n            <\/div>\n    <\/div>\t\t<\/div>\n\t\t\t\t<\/div>\n\t\t\t\t\t<\/div>\n\t\t<\/div>\n\t\t\t\t\t\t\t<\/div>\n\t\t<\/section>\n\t\t\t\t<section class=\"elementor-section elementor-top-section elementor-element elementor-element-2da907b elementor-section-boxed elementor-section-height-default elementor-section-height-default\" data-id=\"2da907b\" data-element_type=\"section\">\n\t\t\t\t\t\t<div class=\"elementor-container elementor-column-gap-default\">\n\t\t\t\t\t<div class=\"elementor-column elementor-col-100 elementor-top-column elementor-element elementor-element-47ec87b\" data-id=\"47ec87b\" data-element_type=\"column\">\n\t\t\t<div class=\"elementor-widget-wrap elementor-element-populated\">\n\t\t\t\t\t\t\t\t<div class=\"elementor-element elementor-element-3efc269 elementor-widget elementor-widget-heading\" data-id=\"3efc269\" data-element_type=\"widget\" data-widget_type=\"heading.default\">\n\t\t\t\t<div class=\"elementor-widget-container\">\n\t\t\t<style>\/*! elementor - v3.15.0 - 20-08-2023 *\/\n.elementor-heading-title{padding:0;margin:0;line-height:1}.elementor-widget-heading .elementor-heading-title[class*=elementor-size-]>a{color:inherit;font-size:inherit;line-height:inherit}.elementor-widget-heading .elementor-heading-title.elementor-size-small{font-size:15px}.elementor-widget-heading .elementor-heading-title.elementor-size-medium{font-size:19px}.elementor-widget-heading .elementor-heading-title.elementor-size-large{font-size:29px}.elementor-widget-heading .elementor-heading-title.elementor-size-xl{font-size:39px}.elementor-widget-heading .elementor-heading-title.elementor-size-xxl{font-size:59px}<\/style><h2 class=\"elementor-heading-title elementor-size-default\">Bodrum'un Gay\u0131klar\u0131'n\u0131n ikinci bask\u0131s\u0131 yay\u0131nland\u0131.<\/h2>\t\t<\/div>\n\t\t\t\t<\/div>\n\t\t\t\t\t<\/div>\n\t\t<\/div>\n\t\t\t\t\t\t\t<\/div>\n\t\t<\/section>\n\t\t\t\t<section class=\"elementor-section elementor-top-section elementor-element elementor-element-ef448b2 elementor-section-boxed elementor-section-height-default elementor-section-height-default\" data-id=\"ef448b2\" data-element_type=\"section\">\n\t\t\t\t\t\t<div class=\"elementor-container elementor-column-gap-default\">\n\t\t\t\t\t<div class=\"elementor-column elementor-col-100 elementor-top-column elementor-element elementor-element-c59df14\" data-id=\"c59df14\" data-element_type=\"column\">\n\t\t\t<div class=\"elementor-widget-wrap elementor-element-populated\">\n\t\t\t\t\t\t\t\t<div class=\"elementor-element elementor-element-73527d3 elementor-arrows-position-inside elementor-pagination-position-outside elementor-widget elementor-widget-image-carousel\" data-id=\"73527d3\" data-element_type=\"widget\" data-settings=\"{&quot;slides_to_show&quot;:&quot;1&quot;,&quot;navigation&quot;:&quot;both&quot;,&quot;autoplay&quot;:&quot;yes&quot;,&quot;pause_on_hover&quot;:&quot;yes&quot;,&quot;pause_on_interaction&quot;:&quot;yes&quot;,&quot;autoplay_speed&quot;:5000,&quot;infinite&quot;:&quot;yes&quot;,&quot;effect&quot;:&quot;slide&quot;,&quot;speed&quot;:500}\" data-widget_type=\"image-carousel.default\">\n\t\t\t\t<div class=\"elementor-widget-container\">\n\t\t\t<style>\/*! elementor - v3.15.0 - 20-08-2023 *\/\n.elementor-widget-image-carousel .swiper,.elementor-widget-image-carousel .swiper-container{position:static}.elementor-widget-image-carousel .swiper-container .swiper-slide figure,.elementor-widget-image-carousel .swiper .swiper-slide figure{line-height:inherit}.elementor-widget-image-carousel .swiper-slide{text-align:center}.elementor-image-carousel-wrapper:not(.swiper-container-initialized):not(.swiper-initialized) .swiper-slide{max-width:calc(100% \/ var(--e-image-carousel-slides-to-show, 3))}<\/style>\t\t<div class=\"elementor-image-carousel-wrapper swiper-container\" dir=\"ltr\">\n\t\t\t<div class=\"elementor-image-carousel swiper-wrapper\" aria-live=\"off\">\n\t\t\t\t\t\t\t\t<div class=\"swiper-slide\" role=\"group\" aria-roledescription=\"slide\" aria-label=\"1 of 9\"><figure class=\"swiper-slide-inner\"><img decoding=\"async\" class=\"swiper-slide-image\" src=\"https:\/\/www.sanergulsoken.com\/wp-content\/uploads\/2021\/10\/Emdk2oWWMAECfin-e1635334782128-490x500.jpg\" alt=\"Bodrum&#039;un gay\u0131klar\u0131\" \/><\/figure><\/div><div class=\"swiper-slide\" role=\"group\" aria-roledescription=\"slide\" aria-label=\"2 of 9\"><figure class=\"swiper-slide-inner\"><img decoding=\"async\" class=\"swiper-slide-image\" src=\"https:\/\/www.sanergulsoken.com\/wp-content\/uploads\/2021\/11\/bodrumungayiklari_009-750x500.jpg\" alt=\"bodrumungayiklari_009\" \/><\/figure><\/div><div class=\"swiper-slide\" role=\"group\" aria-roledescription=\"slide\" aria-label=\"3 of 9\"><figure class=\"swiper-slide-inner\"><img decoding=\"async\" class=\"swiper-slide-image\" src=\"https:\/\/www.sanergulsoken.com\/wp-content\/uploads\/2021\/11\/bodrumungayiklari_014-752x500.jpg\" alt=\"bodrumungayiklari_014\" \/><\/figure><\/div><div class=\"swiper-slide\" role=\"group\" aria-roledescription=\"slide\" aria-label=\"4 of 9\"><figure class=\"swiper-slide-inner\"><img decoding=\"async\" class=\"swiper-slide-image\" src=\"https:\/\/www.sanergulsoken.com\/wp-content\/uploads\/2021\/11\/bodrumungayiklari_004-748x500.jpg\" alt=\"bodrumungayiklari_004\" \/><\/figure><\/div><div class=\"swiper-slide\" role=\"group\" aria-roledescription=\"slide\" aria-label=\"5 of 9\"><figure class=\"swiper-slide-inner\"><img decoding=\"async\" class=\"swiper-slide-image\" src=\"https:\/\/www.sanergulsoken.com\/wp-content\/uploads\/2021\/11\/bodrumungayiklari_023-725x500.jpg\" alt=\"bodrumungayiklari_023\" \/><\/figure><\/div><div class=\"swiper-slide\" role=\"group\" aria-roledescription=\"slide\" aria-label=\"6 of 9\"><figure class=\"swiper-slide-inner\"><img decoding=\"async\" class=\"swiper-slide-image\" src=\"https:\/\/www.sanergulsoken.com\/wp-content\/uploads\/2021\/11\/bodrumungayiklari_016-752x500.jpg\" alt=\"bodrumungayiklari_016\" \/><\/figure><\/div><div class=\"swiper-slide\" role=\"group\" aria-roledescription=\"slide\" aria-label=\"7 of 9\"><figure class=\"swiper-slide-inner\"><img decoding=\"async\" class=\"swiper-slide-image\" src=\"https:\/\/www.sanergulsoken.com\/wp-content\/uploads\/2021\/11\/bodrumungayiklari_003.jpg\" alt=\"bodrumungayiklari_003\" \/><\/figure><\/div><div class=\"swiper-slide\" role=\"group\" aria-roledescription=\"slide\" aria-label=\"8 of 9\"><figure class=\"swiper-slide-inner\"><img decoding=\"async\" class=\"swiper-slide-image\" src=\"https:\/\/www.sanergulsoken.com\/wp-content\/uploads\/2021\/11\/bodrumungayiklari_005-403x500.jpg\" alt=\"bodrumungayiklari_005\" \/><\/figure><\/div><div class=\"swiper-slide\" role=\"group\" aria-roledescription=\"slide\" aria-label=\"9 of 9\"><figure class=\"swiper-slide-inner\"><img decoding=\"async\" class=\"swiper-slide-image\" src=\"https:\/\/www.sanergulsoken.com\/wp-content\/uploads\/2021\/10\/1602849153_img-20201015-wa0122-667x500.jpg\" alt=\"1602849153_img-20201015-wa0122\" \/><\/figure><\/div>\t\t\t<\/div>\n\t\t\t\t\t\t\t\t\t\t\t\t<div class=\"elementor-swiper-button elementor-swiper-button-prev\" role=\"button\" tabindex=\"0\">\n\t\t\t\t\t\t<i aria-hidden=\"true\" class=\"eicon-chevron-left\"><\/i>\t\t\t\t\t<\/div>\n\t\t\t\t\t<div class=\"elementor-swiper-button elementor-swiper-button-next\" role=\"button\" tabindex=\"0\">\n\t\t\t\t\t\t<i aria-hidden=\"true\" class=\"eicon-chevron-right\"><\/i>\t\t\t\t\t<\/div>\n\t\t\t\t\n\t\t\t\t\t\t\t\t\t<div class=\"swiper-pagination\"><\/div>\n\t\t\t\t\t\t\t\t\t<\/div>\n\t\t\t\t<\/div>\n\t\t\t\t<\/div>\n\t\t\t\t\t<\/div>\n\t\t<\/div>\n\t\t\t\t\t\t\t<\/div>\n\t\t<\/section>\n\t\t\t\t<section class=\"elementor-section elementor-top-section elementor-element elementor-element-ea01077 elementor-section-boxed elementor-section-height-default elementor-section-height-default\" data-id=\"ea01077\" data-element_type=\"section\">\n\t\t\t\t\t\t<div class=\"elementor-container elementor-column-gap-default\">\n\t\t\t\t\t<div class=\"elementor-column elementor-col-100 elementor-top-column elementor-element elementor-element-c51035c\" data-id=\"c51035c\" data-element_type=\"column\">\n\t\t\t<div class=\"elementor-widget-wrap elementor-element-populated\">\n\t\t\t\t\t\t\t\t<div class=\"elementor-element elementor-element-cdd37ca elementor-widget elementor-widget-spacer\" data-id=\"cdd37ca\" data-element_type=\"widget\" data-widget_type=\"spacer.default\">\n\t\t\t\t<div class=\"elementor-widget-container\">\n\t\t\t<style>\/*! elementor - v3.15.0 - 20-08-2023 *\/\n.elementor-column .elementor-spacer-inner{height:var(--spacer-size)}.e-con{--container-widget-width:100%}.e-con-inner>.elementor-widget-spacer,.e-con>.elementor-widget-spacer{width:var(--container-widget-width,var(--spacer-size));--align-self:var(--container-widget-align-self,initial);--flex-shrink:0}.e-con-inner>.elementor-widget-spacer>.elementor-widget-container,.e-con-inner>.elementor-widget-spacer>.elementor-widget-container>.elementor-spacer,.e-con>.elementor-widget-spacer>.elementor-widget-container,.e-con>.elementor-widget-spacer>.elementor-widget-container>.elementor-spacer{height:100%}.e-con-inner>.elementor-widget-spacer>.elementor-widget-container>.elementor-spacer>.elementor-spacer-inner,.e-con>.elementor-widget-spacer>.elementor-widget-container>.elementor-spacer>.elementor-spacer-inner{height:var(--container-widget-height,var(--spacer-size))}<\/style>\t\t<div class=\"elementor-spacer\">\n\t\t\t<div class=\"elementor-spacer-inner\"><\/div>\n\t\t<\/div>\n\t\t\t\t<\/div>\n\t\t\t\t<\/div>\n\t\t\t\t\t<\/div>\n\t\t<\/div>\n\t\t\t\t\t\t\t<\/div>\n\t\t<\/section>\n\t\t\t\t<section class=\"elementor-section elementor-top-section elementor-element elementor-element-ca1ed35 elementor-section-boxed elementor-section-height-default elementor-section-height-default\" data-id=\"ca1ed35\" data-element_type=\"section\">\n\t\t\t\t\t\t<div class=\"elementor-container elementor-column-gap-default\">\n\t\t\t\t\t<div class=\"elementor-column elementor-col-50 elementor-top-column elementor-element elementor-element-46ee50a\" data-id=\"46ee50a\" data-element_type=\"column\">\n\t\t\t<div class=\"elementor-widget-wrap elementor-element-populated\">\n\t\t\t\t\t\t\t\t<div class=\"elementor-element elementor-element-1fcf078 elementor-align-right elementor-widget elementor-widget-button\" data-id=\"1fcf078\" data-element_type=\"widget\" data-widget_type=\"button.default\">\n\t\t\t\t<div class=\"elementor-widget-container\">\n\t\t\t\t\t<div class=\"elementor-button-wrapper\">\n\t\t\t<a class=\"elementor-button elementor-button-link elementor-size-sm\" href=\"https:\/\/www.instagram.com\/bodrumun_gayiklari\/\" target=\"_blank\">\n\t\t\t\t\t\t<span class=\"elementor-button-content-wrapper\">\n\t\t\t\t\t\t<span class=\"elementor-button-icon elementor-align-icon-left\">\n\t\t\t\t<i aria-hidden=\"true\" class=\"fab fa-instagram\"><\/i>\t\t\t<\/span>\n\t\t\t\t\t\t<span class=\"elementor-button-text\">Instagram<\/span>\n\t\t<\/span>\n\t\t\t\t\t<\/a>\n\t\t<\/div>\n\t\t\t\t<\/div>\n\t\t\t\t<\/div>\n\t\t\t\t\t<\/div>\n\t\t<\/div>\n\t\t\t\t<div class=\"elementor-column elementor-col-50 elementor-top-column elementor-element elementor-element-2e12853\" data-id=\"2e12853\" data-element_type=\"column\">\n\t\t\t<div class=\"elementor-widget-wrap elementor-element-populated\">\n\t\t\t\t\t\t\t\t<div class=\"elementor-element elementor-element-2ef87e2 elementor-align-left elementor-widget elementor-widget-button\" data-id=\"2ef87e2\" data-element_type=\"widget\" data-widget_type=\"button.default\">\n\t\t\t\t<div class=\"elementor-widget-container\">\n\t\t\t\t\t<div class=\"elementor-button-wrapper\">\n\t\t\t<a class=\"elementor-button elementor-button-link elementor-size-sm\" href=\"https:\/\/www.facebook.com\/Bodrumun-Gay%C4%B1klar%C4%B1-716147791848240\" target=\"_blank\">\n\t\t\t\t\t\t<span class=\"elementor-button-content-wrapper\">\n\t\t\t\t\t\t<span class=\"elementor-button-icon elementor-align-icon-left\">\n\t\t\t\t<i aria-hidden=\"true\" class=\"fab fa-facebook\"><\/i>\t\t\t<\/span>\n\t\t\t\t\t\t<span class=\"elementor-button-text\">Facebook<\/span>\n\t\t<\/span>\n\t\t\t\t\t<\/a>\n\t\t<\/div>\n\t\t\t\t<\/div>\n\t\t\t\t<\/div>\n\t\t\t\t\t<\/div>\n\t\t<\/div>\n\t\t\t\t\t\t\t<\/div>\n\t\t<\/section>\n\t\t\t\t<section class=\"elementor-section elementor-top-section elementor-element elementor-element-53ae98e elementor-section-boxed elementor-section-height-default elementor-section-height-default\" data-id=\"53ae98e\" data-element_type=\"section\">\n\t\t\t\t\t\t<div class=\"elementor-container elementor-column-gap-default\">\n\t\t\t\t\t<div class=\"elementor-column elementor-col-100 elementor-top-column elementor-element elementor-element-7b31db8\" data-id=\"7b31db8\" data-element_type=\"column\">\n\t\t\t<div class=\"elementor-widget-wrap elementor-element-populated\">\n\t\t\t\t\t\t\t\t<div class=\"elementor-element elementor-element-bdf7d82 elementor-widget elementor-widget-spacer\" data-id=\"bdf7d82\" data-element_type=\"widget\" data-widget_type=\"spacer.default\">\n\t\t\t\t<div class=\"elementor-widget-container\">\n\t\t\t\t\t<div class=\"elementor-spacer\">\n\t\t\t<div class=\"elementor-spacer-inner\"><\/div>\n\t\t<\/div>\n\t\t\t\t<\/div>\n\t\t\t\t<\/div>\n\t\t\t\t\t<\/div>\n\t\t<\/div>\n\t\t\t\t\t\t\t<\/div>\n\t\t<\/section>\n\t\t\t\t\t\t\t<\/div>\n\t\t","protected":false},"excerpt":{"rendered":"<p>Bodrum&#8217;un yerel a\u011fz\u0131nda ufac\u0131k sandaldan koca bir gulete hatta gemiye kadar her deniz arac\u0131na &#8220;gay\u0131k&#8221; denir. Bodrum&#039;un Gay\u0131klar\u0131 Bodrum merkezine geldi\u011finizde sizi liman ve boy boy tekneler kar\u015f\u0131lar. Liman\u0131n g\u00fcvenli\u011finde s\u00fcz\u00fclen tekneler, gerek turistler gerekse yerliler i\u00e7in seyrine doyulmaz, b\u00fcy\u00fcl\u00fc bir manzara sunar. Kimi liman\u0131 m\u00fcze gibi gezer, kimi teknelere uzay arac\u0131 gibi bakar, kimi &hellip; <\/p>\n<p class=\"link-more\"><a href=\"https:\/\/www.sanergulsoken.com\/en\/bodrumun-gayiklari\/\" class=\"more-link\">Read more<span class=\"screen-reader-text\"> &#8220;Bodrum&#8217;un Gay\u0131klar\u0131&#8221;<\/span><\/a><\/p>\n","protected":false},"author":1,"featured_media":1583,"parent":0,"menu_order":0,"comment_status":"closed","ping_status":"closed","template":"elementor_theme","meta":{"footnotes":""},"_links":{"self":[{"href":"https:\/\/www.sanergulsoken.com\/en\/wp-json\/wp\/v2\/pages\/818"}],"collection":[{"href":"https:\/\/www.sanergulsoken.com\/en\/wp-json\/wp\/v2\/pages"}],"about":[{"href":"https:\/\/www.sanergulsoken.com\/en\/wp-json\/wp\/v2\/types\/page"}],"author":[{"embeddable":true,"href":"https:\/\/www.sanergulsoken.com\/en\/wp-json\/wp\/v2\/users\/1"}],"replies":[{"embeddable":true,"href":"https:\/\/www.sanergulsoken.com\/en\/wp-json\/wp\/v2\/comments?post=818"}],"version-history":[{"count":0,"href":"https:\/\/www.sanergulsoken.com\/en\/wp-json\/wp\/v2\/pages\/818\/revisions"}],"wp:featuredmedia":[{"embeddable":true,"href":"https:\/\/www.sanergulsoken.com\/en\/wp-json\/wp\/v2\/media\/1583"}],"wp:attachment":[{"href":"https:\/\/www.sanergulsoken.com\/en\/wp-json\/wp\/v2\/media?parent=818"}],"curies":[{"name":"wp","href":"https:\/\/api.w.org\/{rel}","templated":true}]}}